{"id":8,"date":"2024-03-05T09:26:57","date_gmt":"2024-03-05T09:26:57","guid":{"rendered":"https:\/\/www.tabeladukkani.com.tr\/?page_id=8"},"modified":"2024-03-05T14:48:23","modified_gmt":"2024-03-05T14:48:23","slug":"blog","status":"publish","type":"page","link":"https:\/\/www.tabeladukkani.com.tr\/index.php\/blog\/","title":{"rendered":"Blog"},"content":{"rendered":"\n<h2 class=\"wp-block-heading\">Blog<\/h2>\n\n\n\n<figure class=\"wp-block-image size-full is-resized\"><img loading=\"lazy\" decoding=\"async\" width=\"1025\" height=\"577\" src=\"https:\/\/www.tabeladukkani.com.tr\/wp-content\/uploads\/2024\/03\/tabela-dukkani.jpg\" alt=\"Blog\" class=\"wp-image-50\" style=\"width:840px;height:auto\" srcset=\"https:\/\/www.tabeladukkani.com.tr\/wp-content\/uploads\/2024\/03\/tabela-dukkani.jpg 1025w, https:\/\/www.tabeladukkani.com.tr\/wp-content\/uploads\/2024\/03\/tabela-dukkani-300x169.jpg 300w, https:\/\/www.tabeladukkani.com.tr\/wp-content\/uploads\/2024\/03\/tabela-dukkani-768x432.jpg 768w\" sizes=\"auto, (max-width: 1025px) 100vw, 1025px\" \/><\/figure>\n\n\n\n<h2 class=\"wp-block-heading\">Neler yap\u0131yoruz<\/h2>\n\n\n\n<p>Blog yaz\u0131lar\u0131m\u0131zda neler yap\u0131yoruz zaman zaman payla\u015f\u0131yoruz. <\/p>\n\n\n\n<h2 class=\"wp-block-heading\">Dijital bask\u0131<\/h2>\n\n\n\n<p>Ba\u015fta \u0130stanbul olmak \u00fczere bir \u00e7ok ilimize dijital bask\u0131 hizmeti veriyoruz. Dijital bask\u0131 nerede yapt\u0131rabilirim? diyorsan\u0131z bizi arayabilirsiniz. en uygun Dijital Bask\u0131 Fiyatlar\u0131 ile sizlerleyiz.<\/p>\n","protected":false},"excerpt":{"rendered":"<p>Blog Neler yap\u0131yoruz Blog yaz\u0131lar\u0131m\u0131zda neler yap\u0131yoruz zaman zaman payla\u015f\u0131yoruz. Dijital bask\u0131 Ba\u015fta \u0130stanbul olmak \u00fczere bir \u00e7ok ilimize dijital bask\u0131 hizmeti veriyoruz. Dijital bask\u0131 nerede yapt\u0131rabilirim? diyorsan\u0131z bizi arayabilirsiniz. en uygun Dijital Bask\u0131 Fiyatlar\u0131 ile sizlerleyiz.<\/p>\n","protected":false},"author":1,"featured_media":0,"parent":0,"menu_order":0,"comment_status":"closed","ping_status":"closed","template":"","meta":{"footnotes":""},"class_list":["post-8","page","type-page","status-publish","hentry"],"yoast_head":"<!-- This site is optimized with the Yoast SEO plugin v27.5 - https:\/\/yoast.com\/product\/yoast-seo-wordpress\/ -->\n<title>Blog - Tabela d&uuml;kkan\u0131<\/title>\n<meta name=\"robots\" content=\"index, follow, max-snippet:-1, max-image-preview:large, max-video-preview:-1\" \/>\n<link rel=\"canonical\" href=\"https:\/\/www.tabeladukkani.com.tr\/index.php\/blog\/\" \/>\n<meta property=\"og:locale\" content=\"tr_TR\" \/>\n<meta property=\"og:type\" content=\"article\" \/>\n<meta property=\"og:title\" content=\"Blog - Tabela d&uuml;kkan\u0131\" \/>\n<meta property=\"og:description\" content=\"Blog Neler yap\u0131yoruz Blog yaz\u0131lar\u0131m\u0131zda neler yap\u0131yoruz zaman zaman payla\u015f\u0131yoruz. Dijital bask\u0131 Ba\u015fta \u0130stanbul olmak \u00fczere bir \u00e7ok ilimize dijital bask\u0131 hizmeti veriyoruz. Dijital bask\u0131 nerede yapt\u0131rabilirim? diyorsan\u0131z bizi arayabilirsiniz. en uygun Dijital Bask\u0131 Fiyatlar\u0131 ile sizlerleyiz.\" \/>\n<meta property=\"og:url\" content=\"https:\/\/www.tabeladukkani.com.tr\/index.php\/blog\/\" \/>\n<meta property=\"og:site_name\" content=\"Tabela d&uuml;kkan\u0131\" \/>\n<meta property=\"article:modified_time\" content=\"2024-03-05T14:48:23+00:00\" \/>\n<meta property=\"og:image\" content=\"https:\/\/www.tabeladukkani.com.tr\/wp-content\/uploads\/2024\/03\/tabela-dukkani.jpg\" \/>\n<meta name=\"twitter:card\" content=\"summary_large_image\" \/>\n<meta name=\"twitter:label1\" content=\"Tahmini okuma s\u00fcresi\" \/>\n\t<meta name=\"twitter:data1\" content=\"1 dakika\" \/>\n<script type=\"application\/ld+json\" class=\"yoast-schema-graph\">{\"@context\":\"https:\\\/\\\/schema.org\",\"@graph\":[{\"@type\":\"WebPage\",\"@id\":\"https:\\\/\\\/www.tabeladukkani.com.tr\\\/index.php\\\/blog\\\/\",\"url\":\"https:\\\/\\\/www.tabeladukkani.com.tr\\\/index.php\\\/blog\\\/\",\"name\":\"Blog - Tabela d&uuml;kkan\u0131\",\"isPartOf\":{\"@id\":\"https:\\\/\\\/www.tabeladukkani.com.tr\\\/#website\"},\"primaryImageOfPage\":{\"@id\":\"https:\\\/\\\/www.tabeladukkani.com.tr\\\/index.php\\\/blog\\\/#primaryimage\"},\"image\":{\"@id\":\"https:\\\/\\\/www.tabeladukkani.com.tr\\\/index.php\\\/blog\\\/#primaryimage\"},\"thumbnailUrl\":\"https:\\\/\\\/www.tabeladukkani.com.tr\\\/wp-content\\\/uploads\\\/2024\\\/03\\\/tabela-dukkani.jpg\",\"datePublished\":\"2024-03-05T09:26:57+00:00\",\"dateModified\":\"2024-03-05T14:48:23+00:00\",\"breadcrumb\":{\"@id\":\"https:\\\/\\\/www.tabeladukkani.com.tr\\\/index.php\\\/blog\\\/#breadcrumb\"},\"inLanguage\":\"tr\",\"potentialAction\":[{\"@type\":\"ReadAction\",\"target\":[\"https:\\\/\\\/www.tabeladukkani.com.tr\\\/index.php\\\/blog\\\/\"]}]},{\"@type\":\"ImageObject\",\"inLanguage\":\"tr\",\"@id\":\"https:\\\/\\\/www.tabeladukkani.com.tr\\\/index.php\\\/blog\\\/#primaryimage\",\"url\":\"https:\\\/\\\/www.tabeladukkani.com.tr\\\/wp-content\\\/uploads\\\/2024\\\/03\\\/tabela-dukkani.jpg\",\"contentUrl\":\"https:\\\/\\\/www.tabeladukkani.com.tr\\\/wp-content\\\/uploads\\\/2024\\\/03\\\/tabela-dukkani.jpg\",\"width\":1025,\"height\":577},{\"@type\":\"BreadcrumbList\",\"@id\":\"https:\\\/\\\/www.tabeladukkani.com.tr\\\/index.php\\\/blog\\\/#breadcrumb\",\"itemListElement\":[{\"@type\":\"ListItem\",\"position\":1,\"name\":\"Anasayfa\",\"item\":\"https:\\\/\\\/www.tabeladukkani.com.tr\\\/\"},{\"@type\":\"ListItem\",\"position\":2,\"name\":\"Blog\"}]},{\"@type\":\"WebSite\",\"@id\":\"https:\\\/\\\/www.tabeladukkani.com.tr\\\/#website\",\"url\":\"https:\\\/\\\/www.tabeladukkani.com.tr\\\/\",\"name\":\"Tabela d&uuml;kkan\u0131\",\"description\":\"Herkese her keseye uygun reklam &ccedil;&ouml;z&uuml;mleri\",\"potentialAction\":[{\"@type\":\"SearchAction\",\"target\":{\"@type\":\"EntryPoint\",\"urlTemplate\":\"https:\\\/\\\/www.tabeladukkani.com.tr\\\/?s={search_term_string}\"},\"query-input\":{\"@type\":\"PropertyValueSpecification\",\"valueRequired\":true,\"valueName\":\"search_term_string\"}}],\"inLanguage\":\"tr\"}]}<\/script>\n<!-- \/ Yoast SEO plugin. -->","yoast_head_json":{"title":"Blog - Tabela d&uuml;kkan\u0131","robots":{"index":"index","follow":"follow","max-snippet":"max-snippet:-1","max-image-preview":"max-image-preview:large","max-video-preview":"max-video-preview:-1"},"canonical":"https:\/\/www.tabeladukkani.com.tr\/index.php\/blog\/","og_locale":"tr_TR","og_type":"article","og_title":"Blog - Tabela d&uuml;kkan\u0131","og_description":"Blog Neler yap\u0131yoruz Blog yaz\u0131lar\u0131m\u0131zda neler yap\u0131yoruz zaman zaman payla\u015f\u0131yoruz. Dijital bask\u0131 Ba\u015fta \u0130stanbul olmak \u00fczere bir \u00e7ok ilimize dijital bask\u0131 hizmeti veriyoruz. Dijital bask\u0131 nerede yapt\u0131rabilirim? diyorsan\u0131z bizi arayabilirsiniz. en uygun Dijital Bask\u0131 Fiyatlar\u0131 ile sizlerleyiz.","og_url":"https:\/\/www.tabeladukkani.com.tr\/index.php\/blog\/","og_site_name":"Tabela d&uuml;kkan\u0131","article_modified_time":"2024-03-05T14:48:23+00:00","og_image":[{"url":"https:\/\/www.tabeladukkani.com.tr\/wp-content\/uploads\/2024\/03\/tabela-dukkani.jpg","type":"","width":"","height":""}],"twitter_card":"summary_large_image","twitter_misc":{"Tahmini okuma s\u00fcresi":"1 dakika"},"schema":{"@context":"https:\/\/schema.org","@graph":[{"@type":"WebPage","@id":"https:\/\/www.tabeladukkani.com.tr\/index.php\/blog\/","url":"https:\/\/www.tabeladukkani.com.tr\/index.php\/blog\/","name":"Blog - Tabela d&uuml;kkan\u0131","isPartOf":{"@id":"https:\/\/www.tabeladukkani.com.tr\/#website"},"primaryImageOfPage":{"@id":"https:\/\/www.tabeladukkani.com.tr\/index.php\/blog\/#primaryimage"},"image":{"@id":"https:\/\/www.tabeladukkani.com.tr\/index.php\/blog\/#primaryimage"},"thumbnailUrl":"https:\/\/www.tabeladukkani.com.tr\/wp-content\/uploads\/2024\/03\/tabela-dukkani.jpg","datePublished":"2024-03-05T09:26:57+00:00","dateModified":"2024-03-05T14:48:23+00:00","breadcrumb":{"@id":"https:\/\/www.tabeladukkani.com.tr\/index.php\/blog\/#breadcrumb"},"inLanguage":"tr","potentialAction":[{"@type":"ReadAction","target":["https:\/\/www.tabeladukkani.com.tr\/index.php\/blog\/"]}]},{"@type":"ImageObject","inLanguage":"tr","@id":"https:\/\/www.tabeladukkani.com.tr\/index.php\/blog\/#primaryimage","url":"https:\/\/www.tabeladukkani.com.tr\/wp-content\/uploads\/2024\/03\/tabela-dukkani.jpg","contentUrl":"https:\/\/www.tabeladukkani.com.tr\/wp-content\/uploads\/2024\/03\/tabela-dukkani.jpg","width":1025,"height":577},{"@type":"BreadcrumbList","@id":"https:\/\/www.tabeladukkani.com.tr\/index.php\/blog\/#breadcrumb","itemListElement":[{"@type":"ListItem","position":1,"name":"Anasayfa","item":"https:\/\/www.tabeladukkani.com.tr\/"},{"@type":"ListItem","position":2,"name":"Blog"}]},{"@type":"WebSite","@id":"https:\/\/www.tabeladukkani.com.tr\/#website","url":"https:\/\/www.tabeladukkani.com.tr\/","name":"Tabela d&uuml;kkan\u0131","description":"Herkese her keseye uygun reklam &ccedil;&ouml;z&uuml;mleri","potentialAction":[{"@type":"SearchAction","target":{"@type":"EntryPoint","urlTemplate":"https:\/\/www.tabeladukkani.com.tr\/?s={search_term_string}"},"query-input":{"@type":"PropertyValueSpecification","valueRequired":true,"valueName":"search_term_string"}}],"inLanguage":"tr"}]}},"jetpack_sharing_enabled":true,"_links":{"self":[{"href":"https:\/\/www.tabeladukkani.com.tr\/index.php\/wp-json\/wp\/v2\/pages\/8","targetHints":{"allow":["GET"]}}],"collection":[{"href":"https:\/\/www.tabeladukkani.com.tr\/index.php\/wp-json\/wp\/v2\/pages"}],"about":[{"href":"https:\/\/www.tabeladukkani.com.tr\/index.php\/wp-json\/wp\/v2\/types\/page"}],"author":[{"embeddable":true,"href":"https:\/\/www.tabeladukkani.com.tr\/index.php\/wp-json\/wp\/v2\/users\/1"}],"replies":[{"embeddable":true,"href":"https:\/\/www.tabeladukkani.com.tr\/index.php\/wp-json\/wp\/v2\/comments?post=8"}],"version-history":[{"count":3,"href":"https:\/\/www.tabeladukkani.com.tr\/index.php\/wp-json\/wp\/v2\/pages\/8\/revisions"}],"predecessor-version":[{"id":66,"href":"https:\/\/www.tabeladukkani.com.tr\/index.php\/wp-json\/wp\/v2\/pages\/8\/revisions\/66"}],"wp:attachment":[{"href":"https:\/\/www.tabeladukkani.com.tr\/index.php\/wp-json\/wp\/v2\/media?parent=8"}],"curies":[{"name":"wp","href":"https:\/\/api.w.org\/{rel}","templated":true}]}}